{"id":1029,"date":"2025-09-03T14:53:19","date_gmt":"2025-09-03T12:53:19","guid":{"rendered":"https:\/\/coffee-inn-hostel.com\/?page_id=1029"},"modified":"2025-09-03T15:57:34","modified_gmt":"2025-09-03T13:57:34","slug":"agb","status":"publish","type":"page","link":"https:\/\/coffee-inn-hostel.com\/de\/agb\/","title":{"rendered":"AGB"},"content":{"rendered":"\t\t<div data-elementor-type=\"wp-page\" data-elementor-id=\"1029\" class=\"elementor elementor-1029 elementor-939\">\n\t\t\t\t<div data-particle_enable=\"false\" data-particle-mobile-disabled=\"false\" class=\"elementor-element elementor-element-7b417047 e-flex e-con-boxed e-con e-parent\" data-id=\"7b417047\" data-element_type=\"container\" data-e-type=\"container\">\n\t\t\t\t\t<div class=\"e-con-inner\">\n\t\t\t\t<div class=\"elementor-element elementor-element-515081f elementor-widget elementor-widget-heading\" data-id=\"515081f\" data-element_type=\"widget\" data-e-type=\"widget\" data-widget_type=\"heading.default\">\n\t\t\t\t\t<h1 class=\"elementor-heading-title elementor-size-default\">ALLGEMEINE GESCH\u00c4FTSBEDINGUNGEN (AGB)<\/h1>\t\t\t\t<\/div>\n\t\t\t\t<div class=\"elementor-element elementor-element-7641f7ba elementor-widget elementor-widget-text-editor\" data-id=\"7641f7ba\" data-element_type=\"widget\" data-e-type=\"widget\" data-widget_type=\"text-editor.default\">\n\t\t\t\t\t\t\t\t\t<p style=\"text-align: center;\">Allgemeine Gesch\u00e4ftsbedingungen f\u00fcr die Hotelaufnahme Hostel Berlin Betriebsgesellschaft mbH \/ Coffee INN Hostel Berlin<br><br><br><strong>I- Anwendungsbereich<\/strong><br><br>1 . Diese Gesch\u00e4ftsbedingungen gelten f\u00fcr Vertr\u00e4ge \u00fcber die mietweise \u00dcberlassung von Hotelzimmern zur Beherbergung sowie f\u00fcr alle f\u00fcr den Kunden erbrachten weiteren Leistungen und Lieferungen des Hotels (im Folgenden \u201edas Hotel\u201c).<br><br>2. Die Unter- oder Weitervermietung der \u00fcberlassenen Zimmer sowie deren Nutzung zu anderen als Beherbergungszwecken bed\u00fcrfen der vorherigen Zustimmung des Hotels in Textform.<br><br>3. Allgemeine Gesch\u00e4ftsbedingungen des Kunden finden nur Anwendung, wenn dies vorher ausdr\u00fccklich in Textform vereinbart wurde.<br><br>4. Kunden im Sinne dieser Gesch\u00e4ftsbedingungen sind sowohl Verbraucher als auch Unternehmer im Sinne der \u00a7\u00a7 13, 14 BGB.<br><br><strong>II- Vertragsschluss, Vertragsparteien, Verj\u00e4hrung<\/strong><br><br>1. Der Vertrag kommt durch die Annahme des Antrags des Kunden durch das Hotel zustande.<br>Es liegt im Ermessen des Hotels, die Zimmerbuchung in Textform zu best\u00e4tigen.<br><br>2. Die Vertragsparteien sind das Hotel und der Kunde. Hat ein Dritter f\u00fcr den Kunden bestellt<br>bestellt, haftet er dem Hotel gegen\u00fcber f\u00fcr alle Verpflichtungen aus dem Hotelaufnahmevertrag als Gesamtschuldner zusammen mit<br>Verpflichtungen aus dem Hotelaufnahmevertrag als Gesamtschuldner zusammen mit dem<br>dem Kunden als Gesamtschuldner, sofern dem Hotel eine entsprechende Erkl\u00e4rung des Dritten vorliegt. <br><br>3. Alle Anspr\u00fcche gegen das Hotel verj\u00e4hren grunds\u00e4tzlich in einem Jahr ab dem<br>Beginn der allgemeinen Verj\u00e4hrungsfrist. Dies gilt nicht f\u00fcr Anspr\u00fcche auf<br>Schadensersatzanspr\u00fcche oder sonstige Anspr\u00fcche, soweit diese auf einer vors\u00e4tzlichen oder grob fahrl\u00e4ssigen Pflichtverletzung des Hotels beruhen.<br>Pflichtverletzung des Hotels beruhen. <br><br><strong>III- Leistungen, Preise, Zahlung, Aufrechnung<\/strong><br><br><br>1. Das Hotel ist verpflichtet, die vom Kunden gebuchten Zimmer bereitzuhalten und die vereinbarten Leistungen zu erbringen.<br>die vereinbarten Leistungen zu erbringen.<br><br>2. Der Kunde ist verpflichtet, die f\u00fcr die Zimmer\u00fcberlassung und die von ihm in Anspruch genommenen weiteren Leistungen geltenden bzw. vereinbarten Preise des Hotels zu zahlen.<br>und f\u00fcr die in Anspruch genommenen weiteren Leistungen zu zahlen. Dies gilt auch f\u00fcr vom Kunden veranlasste Leistungen und Auslagen des Hotels an Dritte.<br>vom Kunden veranlassten Auslagen an Dritte. <br><br>3. Die vereinbarten Preise schlie\u00dfen die zum Zeitpunkt des Vertragsschlusses geltenden Steuern und lokalen<br>Vertragsabschlusses geltenden Steuern und Abgaben. Nicht enthalten sind lokale Abgaben wie Kurtaxe,<br>Kurtaxe, Stadt- oder Beherbergungssteuer, die der Kunde nach \u00f6rtlichem Recht selbst schuldet.<br>Kommunalrecht selbst schuldet.<br>Bei \u00c4nderungen der gesetzlichen Mehrwertsteuer sowie bei Einf\u00fchrung, \u00c4nderung oder Wegfall der Mehrwertsteuer werden die Preise entsprechend angepasst.<br>der gesetzlichen Umsatzsteuer oder der Einf\u00fchrung, \u00c4nderung oder Abschaffung von lokalen Steuern auf den Vertragsgegenstand<br>des Vertragsgegenstandes nach Vertragsschluss. Bei Vertr\u00e4gen mit Verbrauchern<br>gilt dies nur, wenn der Zeitraum zwischen dem Vertragsabschluss<br>und dem Zeitpunkt der Vertragserf\u00fcllung l\u00e4nger als vier Monate ist.  <br><br>4. Das Hotel kann einem nachtr\u00e4glich gestellten Antrag des Kunden zustimmen, wenn dieser<br>die darauf abzielen, die Anzahl der gebuchten Zimmer, die Leistungen des Hotels oder die Aufenthaltsdauer<br>oder die Aufenthaltsdauer des Kunden zu verringern, davon abh\u00e4ngig machen, dass dem Kunden eine angemessene Erh\u00f6hung des Preises f\u00fcr die<br>der Zimmer und\/oder der sonstigen Leistungen des Hotels.<br><br>5. Rechnungen des Hotels, die kein F\u00e4lligkeitsdatum ausweisen, sind innerhalb von sieben Tagen nach Zugang ohne Abzug zahlbar.<br>Das Hotel ist berechtigt, Forderungen jederzeit f\u00e4llig zu stellen.<br>unverz\u00fcglich zu verlangen. Im Falle des Zahlungsverzuges ist das Hotel berechtigt, die jeweils<br>die jeweils geltenden gesetzlichen Verzugszinsen in H\u00f6he von derzeit 9 % bzw. bei<br>Rechtsgesch\u00e4ften mit einem Verbraucher, Zinsen in H\u00f6he von 5 % \u00fcber dem Basiszinssatz<br>Basiszinssatz zu verlangen. Dar\u00fcber hinaus kann das Hotel im Falle des Verzuges einen Betrag von 5,00 EUR pro Mahnschreiben verlangen.<br>Verzuges verlangen. Dem Hotel bleibt es vorbehalten, einen h\u00f6heren Schaden nachzuweisen.   <br><br>6. Das Hotel ist berechtigt, bei Vertragsabschlu\u00df eine angemessene Vorauszahlung oder Sicherheitsleistung, z.B.<br>z.B. in Form einer Kreditkartengarantie, bei Vertragsabschluss zu verlangen. Die H\u00f6he<br>H\u00f6he der Vorauszahlung und die Zahlungstermine k\u00f6nnen im Vertrag in Textform vereinbart werden.<br>Bei Vorauszahlungen oder Sicherheitsleistungen f\u00fcr Pauschalreisen bleiben die Bestimmungen des<br>Gesetz bleiben unber\u00fchrt. <br><br>7. In begr\u00fcndeten F\u00e4llen, z.B. bei Zahlungsverzug des Kunden oder bei Erweiterung des Vertragsumfangs, ist das Hotel berechtigt, auch in der Zeit zwischen Vertragsabschluss und Reiseantritt des Kunden eine Vorauszahlung oder Sicherheitsleistung im Sinne vorstehender Ziffer 6 zu verlangen oder die im Vertrag vereinbarte Vorauszahlung oder Sicherheitsleistung bis zur vollen vereinbarten Verg\u00fctung zu erh\u00f6hen.<br><br>8. Das Hotel ist ferner berechtigt, zu Beginn oder w\u00e4hrend der Dauer des Aufenthaltes des Kunden VIII. Schlussbestimmungen berechtigt, zu Beginn oder w\u00e4hrend des Aufenthaltes des Kunden eine angemessene Vorauszahlung oder Sicherheitsleistung im Sinne vorstehender Ziffer 7 f\u00fcr bestehende und k\u00fcnftige Forderungen aus diesem Vertrag zu verlangen, soweit diese nicht bereits nach den vorstehenden Ziffern 6 oder 7 geleistet worden sind. <br><br>9. Der Kunde kann nur mit einer unbestrittenen oder rechtskr\u00e4ftig festgestellten Gegenforderung gegen\u00fcber einer Forderung des Hotels aufrechnen, mindern oder ein Zur\u00fcckbehaltungsrecht aus\u00fcben.<br><br>10. Der Kunde ist damit einverstanden, dass ihm die Rechnung auf elektronischem Wege \u00fcbermittelt wird.<br><br><strong>V- R\u00fccktritt durch das Hotel<\/strong><br><br>1. Sofern ein kostenfreies R\u00fccktrittsrecht des Kunden innerhalb einer bestimmten Frist vereinbart wurde, ist das Hotel in diesem Zeitraum seinerseits berechtigt, vom Vertrag zur\u00fcckzutreten, wenn Anfragen anderer Kunden nach den vertraglich gebuchten Zimmern vorliegen und der Kunde auf R\u00fcckfrage des Hotels mit angemessener Fristsetzung auf sein Recht zum R\u00fccktritt nicht verzichtet.<br><br>2. Wird eine vereinbarte oder eine nach Ziffer III Nr. 6 und\/oder 7 verlangte Vorauszahlung oder Sicherheitsleistung nicht geleistet, so ist das Hotel ebenfalls zum R\u00fccktritt vom Vertrag berechtigt.<br><br>3. Dar\u00fcber hinaus ist das Hotel berechtigt, den Vertrag au\u00dferordentlich zu k\u00fcndigen, wenn<br>einen sachlich gerechtfertigten Grund, z. B. wenn<br>\u2013 h\u00f6here Gewalt oder andere vom Hotel nicht zu vertretende Umst\u00e4nde die Erf\u00fcllung des Vertrages unm\u00f6glich machen;<br>\u2013 Zimmer mit irref\u00fchrenden oder falschen Angaben zu wesentlichen Tatsachen reserviert werden, wie z. B.<br>die Identit\u00e4t des Kunden oder den Zweck des Aufenthalts im Hotel;<br>\u2013 das Hotel begr\u00fcndeten Anlass zu der Annahme hat, dass die Inanspruchnahme der Hotelleistung den reibungslosen Gesch\u00e4ftsbetrieb, die Sicherheit oder das Ansehen des Hotels in der \u00d6ffentlichkeit gef\u00e4hrden kann, ohne dass dies dem Herrschafts- bzw. Organisationsbereich des Hotels zuzurechnen ist;<br>\u2013 der Zweck oder der Grund f\u00fcr den Aufenthalt gegen das Gesetz verst\u00f6\u00dft;<br>\u2013 ein Versto\u00df gegen Klausel I. Nr. 2 vorliegt.<br><br>4. Aus einer berechtigten Stornierung durch das Hotel kann der Kunde keinen Anspruch auf Schadensersatz herleiten.<br><br><strong>VI- Verf\u00fcgbarkeit der Zimmer, \u00dcbergabe und R\u00fcckgabe<\/strong><br><br>1. Der Kunde erwirbt keinen Anspruch auf die Bereitstellung bestimmter Zimmer.<br><br>2. Reservierte Zimmer stehen dem Kunden am vereinbarten Anreisetag ab 15:00 Uhr zur Verf\u00fcgung.<br>Anreisetag zur Verf\u00fcgung. Der Kunde hat keinen Anspruch auf fr\u00fchere Verf\u00fcgbarkeit. <br><br>3. Die Zimmer m\u00fcssen dem Hotel am vereinbarten Abreisetag bis sp\u00e4testens 12 Uhr ger\u00e4umt zur Verf\u00fcgung gestellt werden. Danach kann das Hotel aufgrund der versp\u00e4teten R\u00e4umung des Zimmers f\u00fcr die \u00fcber die vertragliche Zeit hinausgehende Nutzung des Zimmers bis 18.00 Uhr 50 %, nach 18.00 Uhr 100 % des vollen \u00dcbernachtungspreises (Listenpreises) in Rechnung stellen.<br>Der Kunde kann aus diesen Zuschl\u00e4gen keine vertraglichen Anspr\u00fcche herleiten. Dem Kunden bleibt es unbenommen, nachzuweisen, dass der Anspruch auf Nutzungsentsch\u00e4digung nicht oder in wesentlich geringerer H\u00f6he entstanden ist.  <br><br><strong>VII- Haftung des Hotels<\/strong><br><br>1. Das Hotel haftet f\u00fcr Sch\u00e4den aus der Verletzung des Lebens, des K\u00f6rpers oder der Gesundheit, die es zu vertreten hat. Es haftet ferner f\u00fcr sonstige Sch\u00e4den, die auf einer vors\u00e4tzlichen oder grob fahrl\u00e4ssigen Pflichtverletzung des Hotels oder auf einer vors\u00e4tzlichen oder fahrl\u00e4ssigen Verletzung von vertragstypischen Pflichten des Hotels beruhen. Vertragstypische Pflichten sind solche, die<br>die die ordnungsgem\u00e4\u00dfe Durchf\u00fchrung des Vertrages \u00fcberhaupt erst erm\u00f6glichen und auf deren Einhaltung der Kunde vertraut und vertrauen darf.<br>Einer Pflichtverletzung des Hotels steht die eines gesetzlichen Vertreters oder Erf\u00fcllungsgehilfen gleich. Weitergehende Schadensersatzanspr\u00fcche sind ausgeschlossen, soweit in dieser Ziffer VII. nichts anderes bestimmt ist. Sollten St\u00f6rungen oder M\u00e4ngel an den Leistungen des Hotels auftreten, wird das Hotel bei Kenntnis oder auf unverz\u00fcgliche R\u00fcge des Kunden bem\u00fcht sein, f\u00fcr Abhilfe zu sorgen.<br>Der Kunde ist verpflichtet, das ihm Zumutbare beizutragen, um die St\u00f6rung zu beheben und einen m\u00f6glichen Schaden gering zu halten.    <br><br>2. F\u00fcr vom Kunden eingebrachte Sachen haftet das Hotel dem Kunden nach den gesetzlichen Bestimmungen. Das Hotel empfiehlt die Benutzung des Hotel- oder Zimmersafes. W\u00fcnscht der Kunde die Mitnahme von Geld, Wertpapieren und Kostbarkeiten Wert von mehr als 100 Euro oder sonstige Verm\u00f6gensgegenst\u00e4nde im Wert von mehr als 1.500 Euro mitbringen, ist ein gesonderter 6 Verwahrungsvertrag mit dem Hotel geschlossen werden.  <br><br>3. Soweit dem Kunden ein Stellplatz in der Hotelgarage oder auf einem Hotelparkplatz zur Verf\u00fcgung gestellt wird, kommt dadurch kein Verwahrungsvertrag zustande, auch wenn hierf\u00fcr ein Entgelt erhoben wird. Bei Abhandenkommen oder Besch\u00e4digung auf dem Hotelgrundst\u00fcck abgestellter oder rangierter Kraftfahrzeuge und deren Inhalte haftet das Hotel nur nach Ma\u00dfgabe der S\u00e4tze 1 bis 4 der vorstehenden Nr. 1. <br><br>4. Weckrufe werden vom Hotel mit der gr\u00f6\u00dftm\u00f6glichen Sorgfalt durchgef\u00fchrt. Nachrichten f\u00fcr Kunden werden mit Sorgfalt behandelt. Nach vorheriger Absprache mit dem Kunden kann das Hotel Postsendungen und Warensendungen entgegennehmen, aufbewahren und &#8211; falls gew\u00fcnscht &#8211; gegen Entgelt versenden.<br>Hierbei haftet das Hotel nur nach Ma\u00dfgabe der S\u00e4tze 1 bis 4 der vorstehenden Nr. 1.  <br><br><strong>VIII- Schlussbestimmungen<\/strong><br><br>1. \u00c4nderungen und Erg\u00e4nzungen des Vertrages, der Antragsannahme oder dieser Allgemeinen Gesch\u00e4ftsbedingungen f\u00fcr die Hotelaufnahme sollen in Textform erfolgen. Einseitige \u00c4nderungen und Erg\u00e4nzungen durch den Kunden sind unwirksam.<br><br>2. Erf\u00fcllungs- und Zahlungsort ist der Ort der jeweiligen Hotelniederlassung.<br><br>3. F\u00fcr Streitigkeiten, auch f\u00fcr Scheck- und Wechselstreitigkeiten, sind im kaufm\u00e4nnischen Verkehr die Gerichte in Berlin ausschlie\u00dflich zust\u00e4ndig. Soweit eine Vertragspartei keinen allgemeinen Gerichtsstand im Inland hat, sind die Gerichte am Ort des Hotels zust\u00e4ndig. <br><br><strong>R\u00fccktritt des Kunden (Stornierung, Annullierung) \/ Nichtinanspruchnahme der Hotelleistungen (No Show)<\/strong><br><br>Ein R\u00fccktritt des Kunden von dem mit dem Hotel geschlossenen Vertrag ist nur m\u00f6glich, wenn ein R\u00fccktrittsrecht im Vertrag ausdr\u00fccklich vereinbart wurde, ein gesetzliches R\u00fccktrittsrecht besteht oder das Hotel der Vertragsaufhebung ausdr\u00fccklich zustimmt. Die Vereinbarung eines R\u00fccktrittsrechts sowie die etwaige Zustimmung zu einem R\u00fccktritt vom Vertrag sollen in Textform erfolgen.<br>5<br>Sollten einzelne Bestimmungen dieser Allgemeinen Gesch\u00e4ftsbedingungen unwirksam oder nichtig sein oder werden, so bleibt die Wirksamkeit der \u00fcbrigen Bestimmungen hiervon unber\u00fchrt. Gleiches gilt f\u00fcr den Fall einer unbeabsichtigten L\u00fccke. Im \u00dcbrigen gelten die gesetzlichen Bestimmungen.<br>2<br>Sofern zwischen dem Hotel und dem Kunden ein Termin zum R\u00fccktritt vom Vertrag vereinbart wurde, kann der Kunde bis dahin vom Vertrag zur\u00fccktreten, ohne Zahlungs- oder Schadensersatzanspr\u00fcche des Hotels auszul\u00f6sen, soweit nichts anderes vereinbart ist.<br>3<br>Werden die Zimmer vom Kunden nicht in Anspruch genommen, so hat das Hotel die Einnahmen aus anderweitiger Vermietung der Zimmer sowie die eingesparten Aufwendungen anzurechnen. Werden die Zimmer nicht anderweitig vermietet, so kann das Hotel die vertraglich vereinbarte Verg\u00fctung verlangen und den Abzug f\u00fcr ersparte Aufwendungen pauschalieren. In diesem Fall ist der Kunde verpflichtet, 90% des vertraglich vereinbarten Preises f\u00fcr \u00dcbernachtung mit oder ohne Fr\u00fchst\u00fcck, 70% f\u00fcr Halbpension und 60% f\u00fcr Vollpension zu zahlen. Dem Kunden bleibt es unbenommen, nachzuweisen, dass der oben genannte Anspruch nicht oder nicht in der geforderten H\u00f6he entstanden ist.<br>4.<br>Die vorstehenden Bestimmungen \u00fcber die Entsch\u00e4digung gelten entsprechend, wenn der Gast das gebuchte Zimmer oder die gebuchten Leistungen nicht in Anspruch<br>Zimmer oder die gebuchten Leistungen nicht in Anspruch nimmt, ohne dies rechtzeitig mitzuteilen (No Show).      <br><br><br>Der Vertrag unterliegt dem Recht der<br>Bundesrepublik \u00d6sterreich und ist nach diesem auszulegen. Die Anwendung des UN-\u00dcbereinkommens \u00fcber Vertr\u00e4ge \u00fcber den internationalen Warenkauf<br>und des Kollisionsrechts ist ausgeschlossen. <br><br><br><br>***<\/p>\t\t\t\t\t\t\t\t<\/div>\n\t\t\t\t\t<\/div>\n\t\t\t\t<\/div>\n\t\t\t\t<\/div>\n\t\t","protected":false},"excerpt":{"rendered":"<p>ALLGEMEINE GESCH\u00c4FTSBEDINGUNGEN (AGB) Allgemeine Gesch\u00e4ftsbedingungen f\u00fcr die Hotelaufnahme Hostel Berlin Betriebsgesellschaft mbH \/ Coffee INN Hostel Berlin I- Anwendungsbereich 1 . Diese Gesch\u00e4ftsbedingungen gelten f\u00fcr Vertr\u00e4ge \u00fcber die mietweise \u00dcberlassung von Hotelzimmern zur Beherbergung sowie f\u00fcr alle f\u00fcr den Kunden erbrachten weiteren Leistungen und Lieferungen des Hotels (im Folgenden \u201edas Hotel\u201c). 2. Die Unter- oder [&hellip;]<\/p>\n","protected":false},"author":1030,"featured_media":0,"parent":0,"menu_order":0,"comment_status":"closed","ping_status":"closed","template":"","meta":{"_acf_changed":false,"footnotes":""},"class_list":["post-1029","page","type-page","status-publish","hentry"],"acf":[],"yoast_head":"<!-- This site is optimized with the Yoast SEO plugin v27.3 - https:\/\/yoast.com\/product\/yoast-seo-wordpress\/ -->\n<title>AGB - Coffee Inn Hostel<\/title>\n<meta name=\"description\" content=\"Hier finden Sie die allgemeinen Gesch\u00e4ftsbedingungen des Coffee Inn Hostels in Berlin-Sch\u00f6neberg, Ihrer Unterkunft in Berlin.\" \/>\n<meta name=\"robots\" content=\"index, follow, max-snippet:-1, max-image-preview:large, max-video-preview:-1\" \/>\n<link rel=\"canonical\" href=\"https:\/\/coffee-inn-hostel.com\/de\/agb\/\" \/>\n<meta property=\"og:locale\" content=\"de_DE\" \/>\n<meta property=\"og:type\" content=\"article\" \/>\n<meta property=\"og:title\" content=\"AGB - Coffee Inn Hostel\" \/>\n<meta property=\"og:description\" content=\"Hier finden Sie die allgemeinen Gesch\u00e4ftsbedingungen des Coffee Inn Hostels in Berlin-Sch\u00f6neberg, Ihrer Unterkunft in Berlin.\" \/>\n<meta property=\"og:url\" content=\"https:\/\/coffee-inn-hostel.com\/de\/agb\/\" \/>\n<meta property=\"og:site_name\" content=\"Coffee Inn Hostel\" \/>\n<meta property=\"article:publisher\" content=\"https:\/\/www.facebook.com\/profile.php?viewas=100000686899395&amp;id=61574585442732\" \/>\n<meta property=\"article:modified_time\" content=\"2025-09-03T13:57:34+00:00\" \/>\n<meta property=\"og:image\" content=\"https:\/\/coffee-inn-hostel.com\/wp-content\/uploads\/2025\/02\/cropped-Logo_Coffee_Inn_Berlin-black.png\" \/>\n\t<meta property=\"og:image:width\" content=\"356\" \/>\n\t<meta property=\"og:image:height\" content=\"179\" \/>\n\t<meta property=\"og:image:type\" content=\"image\/png\" \/>\n<meta name=\"twitter:card\" content=\"summary_large_image\" \/>\n<meta name=\"twitter:label1\" content=\"Gesch\u00e4tzte Lesezeit\" \/>\n\t<meta name=\"twitter:data1\" content=\"10\u00a0Minuten\" \/>\n<script type=\"application\/ld+json\" class=\"yoast-schema-graph\">{\"@context\":\"https:\\\/\\\/schema.org\",\"@graph\":[{\"@type\":\"WebPage\",\"@id\":\"https:\\\/\\\/coffee-inn-hostel.com\\\/de\\\/agb\\\/\",\"url\":\"https:\\\/\\\/coffee-inn-hostel.com\\\/de\\\/agb\\\/\",\"name\":\"AGB - Coffee Inn Hostel\",\"isPartOf\":{\"@id\":\"https:\\\/\\\/coffee-inn-hostel.com\\\/de\\\/#website\"},\"datePublished\":\"2025-09-03T12:53:19+00:00\",\"dateModified\":\"2025-09-03T13:57:34+00:00\",\"description\":\"Hier finden Sie die allgemeinen Gesch\u00e4ftsbedingungen des Coffee Inn Hostels in Berlin-Sch\u00f6neberg, Ihrer Unterkunft in Berlin.\",\"breadcrumb\":{\"@id\":\"https:\\\/\\\/coffee-inn-hostel.com\\\/de\\\/agb\\\/#breadcrumb\"},\"inLanguage\":\"de\",\"potentialAction\":[{\"@type\":\"ReadAction\",\"target\":[\"https:\\\/\\\/coffee-inn-hostel.com\\\/de\\\/agb\\\/\"]}]},{\"@type\":\"BreadcrumbList\",\"@id\":\"https:\\\/\\\/coffee-inn-hostel.com\\\/de\\\/agb\\\/#breadcrumb\",\"itemListElement\":[{\"@type\":\"ListItem\",\"position\":1,\"name\":\"Home\",\"item\":\"https:\\\/\\\/coffee-inn-hostel.com\\\/de\\\/home-2\\\/\"},{\"@type\":\"ListItem\",\"position\":2,\"name\":\"AGB\"}]},{\"@type\":\"WebSite\",\"@id\":\"https:\\\/\\\/coffee-inn-hostel.com\\\/de\\\/#website\",\"url\":\"https:\\\/\\\/coffee-inn-hostel.com\\\/de\\\/\",\"name\":\"Coffee Inn Hostel\",\"description\":\"Das Hostel f\u00fcr Deinen Aufenthalt in Berlin \",\"publisher\":{\"@id\":\"https:\\\/\\\/coffee-inn-hostel.com\\\/de\\\/#organization\"},\"alternateName\":\"Welcome to the heart of Berlin-Sch\u00f6neberg\",\"potentialAction\":[{\"@type\":\"SearchAction\",\"target\":{\"@type\":\"EntryPoint\",\"urlTemplate\":\"https:\\\/\\\/coffee-inn-hostel.com\\\/de\\\/?s={search_term_string}\"},\"query-input\":{\"@type\":\"PropertyValueSpecification\",\"valueRequired\":true,\"valueName\":\"search_term_string\"}}],\"inLanguage\":\"de\"},{\"@type\":\"Organization\",\"@id\":\"https:\\\/\\\/coffee-inn-hostel.com\\\/de\\\/#organization\",\"name\":\"Coffee Inn Hostel\",\"url\":\"https:\\\/\\\/coffee-inn-hostel.com\\\/de\\\/\",\"logo\":{\"@type\":\"ImageObject\",\"inLanguage\":\"de\",\"@id\":\"https:\\\/\\\/coffee-inn-hostel.com\\\/de\\\/#\\\/schema\\\/logo\\\/image\\\/\",\"url\":\"https:\\\/\\\/coffee-inn-hostel.com\\\/wp-content\\\/uploads\\\/2025\\\/02\\\/cropped-Logo_Coffee_Inn_Berlin-black.png\",\"contentUrl\":\"https:\\\/\\\/coffee-inn-hostel.com\\\/wp-content\\\/uploads\\\/2025\\\/02\\\/cropped-Logo_Coffee_Inn_Berlin-black.png\",\"width\":356,\"height\":179,\"caption\":\"Coffee Inn Hostel\"},\"image\":{\"@id\":\"https:\\\/\\\/coffee-inn-hostel.com\\\/de\\\/#\\\/schema\\\/logo\\\/image\\\/\"},\"sameAs\":[\"https:\\\/\\\/www.facebook.com\\\/profile.php?viewas=100000686899395&id=61574585442732\",\"https:\\\/\\\/www.instagram.com\\\/coffeeinn.hostel?igsh=Z3J1ZXYybWl5dHQz\"]}]}<\/script>\n<!-- \/ Yoast SEO plugin. -->","yoast_head_json":{"title":"AGB - Coffee Inn Hostel","description":"Hier finden Sie die allgemeinen Gesch\u00e4ftsbedingungen des Coffee Inn Hostels in Berlin-Sch\u00f6neberg, Ihrer Unterkunft in Berlin.","robots":{"index":"index","follow":"follow","max-snippet":"max-snippet:-1","max-image-preview":"max-image-preview:large","max-video-preview":"max-video-preview:-1"},"canonical":"https:\/\/coffee-inn-hostel.com\/de\/agb\/","og_locale":"de_DE","og_type":"article","og_title":"AGB - Coffee Inn Hostel","og_description":"Hier finden Sie die allgemeinen Gesch\u00e4ftsbedingungen des Coffee Inn Hostels in Berlin-Sch\u00f6neberg, Ihrer Unterkunft in Berlin.","og_url":"https:\/\/coffee-inn-hostel.com\/de\/agb\/","og_site_name":"Coffee Inn Hostel","article_publisher":"https:\/\/www.facebook.com\/profile.php?viewas=100000686899395&id=61574585442732","article_modified_time":"2025-09-03T13:57:34+00:00","og_image":[{"width":356,"height":179,"url":"https:\/\/coffee-inn-hostel.com\/wp-content\/uploads\/2025\/02\/cropped-Logo_Coffee_Inn_Berlin-black.png","type":"image\/png"}],"twitter_card":"summary_large_image","twitter_misc":{"Gesch\u00e4tzte Lesezeit":"10\u00a0Minuten"},"schema":{"@context":"https:\/\/schema.org","@graph":[{"@type":"WebPage","@id":"https:\/\/coffee-inn-hostel.com\/de\/agb\/","url":"https:\/\/coffee-inn-hostel.com\/de\/agb\/","name":"AGB - Coffee Inn Hostel","isPartOf":{"@id":"https:\/\/coffee-inn-hostel.com\/de\/#website"},"datePublished":"2025-09-03T12:53:19+00:00","dateModified":"2025-09-03T13:57:34+00:00","description":"Hier finden Sie die allgemeinen Gesch\u00e4ftsbedingungen des Coffee Inn Hostels in Berlin-Sch\u00f6neberg, Ihrer Unterkunft in Berlin.","breadcrumb":{"@id":"https:\/\/coffee-inn-hostel.com\/de\/agb\/#breadcrumb"},"inLanguage":"de","potentialAction":[{"@type":"ReadAction","target":["https:\/\/coffee-inn-hostel.com\/de\/agb\/"]}]},{"@type":"BreadcrumbList","@id":"https:\/\/coffee-inn-hostel.com\/de\/agb\/#breadcrumb","itemListElement":[{"@type":"ListItem","position":1,"name":"Home","item":"https:\/\/coffee-inn-hostel.com\/de\/home-2\/"},{"@type":"ListItem","position":2,"name":"AGB"}]},{"@type":"WebSite","@id":"https:\/\/coffee-inn-hostel.com\/de\/#website","url":"https:\/\/coffee-inn-hostel.com\/de\/","name":"Coffee Inn Hostel","description":"Das Hostel f\u00fcr Deinen Aufenthalt in Berlin ","publisher":{"@id":"https:\/\/coffee-inn-hostel.com\/de\/#organization"},"alternateName":"Welcome to the heart of Berlin-Sch\u00f6neberg","potentialAction":[{"@type":"SearchAction","target":{"@type":"EntryPoint","urlTemplate":"https:\/\/coffee-inn-hostel.com\/de\/?s={search_term_string}"},"query-input":{"@type":"PropertyValueSpecification","valueRequired":true,"valueName":"search_term_string"}}],"inLanguage":"de"},{"@type":"Organization","@id":"https:\/\/coffee-inn-hostel.com\/de\/#organization","name":"Coffee Inn Hostel","url":"https:\/\/coffee-inn-hostel.com\/de\/","logo":{"@type":"ImageObject","inLanguage":"de","@id":"https:\/\/coffee-inn-hostel.com\/de\/#\/schema\/logo\/image\/","url":"https:\/\/coffee-inn-hostel.com\/wp-content\/uploads\/2025\/02\/cropped-Logo_Coffee_Inn_Berlin-black.png","contentUrl":"https:\/\/coffee-inn-hostel.com\/wp-content\/uploads\/2025\/02\/cropped-Logo_Coffee_Inn_Berlin-black.png","width":356,"height":179,"caption":"Coffee Inn Hostel"},"image":{"@id":"https:\/\/coffee-inn-hostel.com\/de\/#\/schema\/logo\/image\/"},"sameAs":["https:\/\/www.facebook.com\/profile.php?viewas=100000686899395&id=61574585442732","https:\/\/www.instagram.com\/coffeeinn.hostel?igsh=Z3J1ZXYybWl5dHQz"]}]}},"_links":{"self":[{"href":"https:\/\/coffee-inn-hostel.com\/de\/wp-json\/wp\/v2\/pages\/1029","targetHints":{"allow":["GET"]}}],"collection":[{"href":"https:\/\/coffee-inn-hostel.com\/de\/wp-json\/wp\/v2\/pages"}],"about":[{"href":"https:\/\/coffee-inn-hostel.com\/de\/wp-json\/wp\/v2\/types\/page"}],"author":[{"embeddable":true,"href":"https:\/\/coffee-inn-hostel.com\/de\/wp-json\/wp\/v2\/users\/1030"}],"replies":[{"embeddable":true,"href":"https:\/\/coffee-inn-hostel.com\/de\/wp-json\/wp\/v2\/comments?post=1029"}],"version-history":[{"count":3,"href":"https:\/\/coffee-inn-hostel.com\/de\/wp-json\/wp\/v2\/pages\/1029\/revisions"}],"predecessor-version":[{"id":1039,"href":"https:\/\/coffee-inn-hostel.com\/de\/wp-json\/wp\/v2\/pages\/1029\/revisions\/1039"}],"wp:attachment":[{"href":"https:\/\/coffee-inn-hostel.com\/de\/wp-json\/wp\/v2\/media?parent=1029"}],"curies":[{"name":"wp","href":"https:\/\/api.w.org\/{rel}","templated":true}]}}