{"id":1637,"date":"2025-11-20T16:40:03","date_gmt":"2025-11-20T15:40:03","guid":{"rendered":"https:\/\/coffee-inn-hostel.com\/guest-blog\/porumavidasemrotina\/"},"modified":"2025-11-21T10:09:19","modified_gmt":"2025-11-21T09:09:19","slug":"porumavidasemrotina","status":"publish","type":"page","link":"https:\/\/coffee-inn-hostel.com\/de\/guest-blog\/porumavidasemrotina\/","title":{"rendered":"@porumavidasemrotina"},"content":{"rendered":"\t\t<div data-elementor-type=\"wp-post\" data-elementor-id=\"1637\" class=\"elementor elementor-1637 elementor-1610\">\n\t\t\t\t<div data-particle_enable=\"false\" data-particle-mobile-disabled=\"false\" class=\"elementor-element elementor-element-6c2d5ad e-con-full e-flex e-con e-parent\" data-id=\"6c2d5ad\" data-element_type=\"container\" data-e-type=\"container\">\n\t\t\t\t<div class=\"elementor-element elementor-element-0f4a1fd heading-large margin-80 elementor-hidden-mobile elementor-invisible elementor-widget elementor-widget-heading\" data-id=\"0f4a1fd\" data-element_type=\"widget\" data-e-type=\"widget\" data-settings=\"{&quot;_animation&quot;:&quot;fadeInDown&quot;}\" data-widget_type=\"heading.default\">\n\t\t\t\t\t<h3 class=\"elementor-heading-title elementor-size-default\">@porumavidasemrotina<\/h3>\t\t\t\t<\/div>\n\t\t\t\t<div class=\"elementor-element elementor-element-65aebc5 heading-large margin-80 elementor-hidden-desktop elementor-hidden-tablet elementor-invisible elementor-widget elementor-widget-heading\" data-id=\"65aebc5\" data-element_type=\"widget\" data-e-type=\"widget\" data-settings=\"{&quot;_animation&quot;:&quot;fadeInDown&quot;}\" data-widget_type=\"heading.default\">\n\t\t\t\t\t<h3 class=\"elementor-heading-title elementor-size-default\">@porumavidasemrotina<\/h3>\t\t\t\t<\/div>\n\t\t\t\t<\/div>\n\t\t<div data-particle_enable=\"false\" data-particle-mobile-disabled=\"false\" class=\"elementor-element elementor-element-36791dc e-flex e-con-boxed e-con e-parent\" data-id=\"36791dc\" data-element_type=\"container\" data-e-type=\"container\">\n\t\t\t\t\t<div class=\"e-con-inner\">\n\t\t\t\t<div class=\"elementor-element elementor-element-5407795 elementor-widget elementor-widget-ucaddon_uc_tiles_columns_image\" data-id=\"5407795\" data-element_type=\"widget\" data-e-type=\"widget\" data-widget_type=\"ucaddon_uc_tiles_columns_image.default\">\n\t\t\t\t<div class=\"elementor-widget-container\">\n\t\t\t\t\t\n<!-- start Masonry &amp; Justified Gallery -->\n\t\t<link id='font-awesome-css' href='https:\/\/coffee-inn-hostel.com\/wp-content\/plugins\/unlimited-elements-for-elementor\/assets_libraries\/font-awesome6\/fontawesome-all.min.css' type='text\/css' rel='stylesheet' >\n\t\t<link id='font-awesome-4-shim-css' href='https:\/\/coffee-inn-hostel.com\/wp-content\/plugins\/unlimited-elements-for-elementor\/assets_libraries\/font-awesome6\/fontawesome-v4-shims.min.css' type='text\/css' rel='stylesheet' >\n\t\t<link id='unitegallery-css' href='https:\/\/coffee-inn-hostel.com\/wp-content\/plugins\/unlimited-elements-for-elementor\/assets_libraries\/unitegallery\/css\/unite-gallery.css' type='text\/css' rel='stylesheet' >\n\t\t<link id='uc_ac_assets_file_uc_columns_unite_gallery_css_37416-css' href='https:\/\/coffee-inn-hostel.com\/wp-content\/uploads\/ac_assets\/uc_tiles_columns_image\/uc-columns-unite-gallery.css' type='text\/css' rel='stylesheet' >\n\n<style>\/* widget: Masonry &amp; Justified Gallery *\/\n\n#uc_uc_tiles_columns_image_elementor_5407795{\n  margin:0 auto;\n      display: none;\n  }\n\n#wrapperuc_uc_tiles_columns_image_elementor_5407795{\n  min-height:1px;  \n}\n\n  #uc_uc_tiles_columns_image_elementor_5407795 .ug-thumb-wrapper.ug-tile{\n      pointer-events: none;\n  }\n\n\/* pagination *\/\n#wrapperuc_uc_tiles_columns_image_elementor_5407795 .uc_post_grid_style_one_prev_button_pagination{\n  display: flex;\n  align-items: center;\n}\n\n#wrapperuc_uc_tiles_columns_image_elementor_5407795 .uc_post_grid_style_one_pagination_button,\n#wrapperuc_uc_tiles_columns_image_elementor_5407795 .uc_post_grid_style_one_pagination_number{\n  padding: 0;\n  justify-content: center;\n  align-items: center;\n  transition: all .3s ease;\n  margin: 0;\n}\n\n#wrapperuc_uc_tiles_columns_image_elementor_5407795 .uc_post_grid_style_one_pagination_number:last-child,\n#wrapperuc_uc_tiles_columns_image_elementor_5407795 .uc_post_grid_style_one_pagination_number:first-child{\n  display: inline-flex;\n  position: relative;\n}\n\n#wrapperuc_uc_tiles_columns_image_elementor_5407795 .ue-hidden{\n  display: none;\n}\n\n#wrapperuc_uc_tiles_columns_image_elementor_5407795 .ue-disabled{\n  opacity: .5;\n  pointer-events: none;\n}\n\n#wrapperuc_uc_tiles_columns_image_elementor_5407795 .uc_post_grid_style_one_pagination_number.ue-visible{\n  display: inline-flex;\n}\n\n#wrapperuc_uc_tiles_columns_image_elementor_5407795 .uc_post_grid_style_one_pagination_numbers{\n  display: flex;\n  flex-wrap: wrap;\n}\n\n#wrapperuc_uc_tiles_columns_image_elementor_5407795 .uc_post_grid_style_one_prev_button_pagination_wrap{\n  display: flex;\n}\n\/* end pagination *\/\n\n<\/style>\n\n<div id=\"wrapperuc_uc_tiles_columns_image_elementor_5407795\">\n  \n  <div id=\"uc_uc_tiles_columns_image_elementor_5407795\" style=\"display:none;\" class=\"uc-items-wrapper\" data-custom-sethtml=\"true\" >\n    \n<img decoding=\"async\" alt=\"Screenshot\"\n   src=\"https:\/\/coffee-inn-hostel.com\/wp-content\/uploads\/2025\/11\/Blogger_Brazil-875x1024.jpg\"\n    data-image=\"https:\/\/coffee-inn-hostel.com\/wp-content\/uploads\/2025\/11\/Blogger_Brazil-875x1024.jpg\"\n    data-title=\"Screenshot\">\n\n<img decoding=\"async\" alt=\"Marcella Peace quer\"\n   src=\"https:\/\/coffee-inn-hostel.com\/wp-content\/uploads\/2025\/11\/Marcella-Peace-quer-1024x683.png\"\n    data-image=\"https:\/\/coffee-inn-hostel.com\/wp-content\/uploads\/2025\/11\/Marcella-Peace-quer-1024x683.png\"\n    data-title=\"Marcella Peace quer\">\n\n<img decoding=\"async\" alt=\"Marcella Barhocker\"\n   src=\"https:\/\/coffee-inn-hostel.com\/wp-content\/uploads\/2025\/11\/Marcella-Barhocker-577x1024.jpg\"\n    data-image=\"https:\/\/coffee-inn-hostel.com\/wp-content\/uploads\/2025\/11\/Marcella-Barhocker-577x1024.jpg\"\n    data-title=\"Marcella Barhocker\">\n\n<img decoding=\"async\" alt=\"Marcella im Flur sitzend\"\n   src=\"https:\/\/coffee-inn-hostel.com\/wp-content\/uploads\/2025\/11\/Marcella-im-Flur-sitzend-577x1024.jpg\"\n    data-image=\"https:\/\/coffee-inn-hostel.com\/wp-content\/uploads\/2025\/11\/Marcella-im-Flur-sitzend-577x1024.jpg\"\n    data-title=\"Marcella im Flur sitzend\">\n\n<img decoding=\"async\" alt=\"Marcella hockend\"\n   src=\"https:\/\/coffee-inn-hostel.com\/wp-content\/uploads\/2025\/11\/Marcella-hockend-577x1024.jpg\"\n    data-image=\"https:\/\/coffee-inn-hostel.com\/wp-content\/uploads\/2025\/11\/Marcella-hockend-577x1024.jpg\"\n    data-title=\"Marcella hockend\">\n\n<img decoding=\"async\" alt=\"Marcella Hochbett\"\n   src=\"https:\/\/coffee-inn-hostel.com\/wp-content\/uploads\/2025\/11\/Marcella-Hochbett-577x1024.jpg\"\n    data-image=\"https:\/\/coffee-inn-hostel.com\/wp-content\/uploads\/2025\/11\/Marcella-Hochbett-577x1024.jpg\"\n    data-title=\"Marcella Hochbett\">\n\n<img decoding=\"async\" alt=\"Marcella am Tisch\"\n   src=\"https:\/\/coffee-inn-hostel.com\/wp-content\/uploads\/2025\/11\/Marcella-am-Tisch-577x1024.jpg\"\n    data-image=\"https:\/\/coffee-inn-hostel.com\/wp-content\/uploads\/2025\/11\/Marcella-am-Tisch-577x1024.jpg\"\n    data-title=\"Marcella am Tisch\">\n\n<img decoding=\"async\" alt=\"Kaffeetasse\"\n   src=\"https:\/\/coffee-inn-hostel.com\/wp-content\/uploads\/2025\/11\/Kaffeetasse-577x1024.jpg\"\n    data-image=\"https:\/\/coffee-inn-hostel.com\/wp-content\/uploads\/2025\/11\/Kaffeetasse-577x1024.jpg\"\n    data-title=\"Kaffeetasse\">\n\n<img decoding=\"async\" alt=\"Marcella Flur laufend\"\n   src=\"https:\/\/coffee-inn-hostel.com\/wp-content\/uploads\/2025\/11\/Marcella-Flur-laufend-576x1024.jpg\"\n    data-image=\"https:\/\/coffee-inn-hostel.com\/wp-content\/uploads\/2025\/11\/Marcella-Flur-laufend-576x1024.jpg\"\n    data-title=\"Marcella Flur laufend\">\n\n<img decoding=\"async\" alt=\"Zimmer\"\n   src=\"https:\/\/coffee-inn-hostel.com\/wp-content\/uploads\/2025\/11\/Zimmer-577x1024.jpg\"\n    data-image=\"https:\/\/coffee-inn-hostel.com\/wp-content\/uploads\/2025\/11\/Zimmer-577x1024.jpg\"\n    data-title=\"Zimmer\">\n\n<img decoding=\"async\" alt=\"Marcella im Bett sitzend\"\n   src=\"https:\/\/coffee-inn-hostel.com\/wp-content\/uploads\/2025\/11\/Marcella-im-Bett-sitzend-577x1024.jpg\"\n    data-image=\"https:\/\/coffee-inn-hostel.com\/wp-content\/uploads\/2025\/11\/Marcella-im-Bett-sitzend-577x1024.jpg\"\n    data-title=\"Marcella im Bett sitzend\">\n\n<img decoding=\"async\" alt=\"Snacks\"\n   src=\"https:\/\/coffee-inn-hostel.com\/wp-content\/uploads\/2025\/11\/Snacks-577x1024.jpg\"\n    data-image=\"https:\/\/coffee-inn-hostel.com\/wp-content\/uploads\/2025\/11\/Snacks-577x1024.jpg\"\n    data-title=\"Snacks\">\n\n<img decoding=\"async\" alt=\"Au\u00dfenansicht\"\n   src=\"https:\/\/coffee-inn-hostel.com\/wp-content\/uploads\/2025\/11\/Ausenansicht-577x1024.jpg\"\n    data-image=\"https:\/\/coffee-inn-hostel.com\/wp-content\/uploads\/2025\/11\/Ausenansicht-577x1024.jpg\"\n    data-title=\"Au\u00dfenansicht\">\n\n  <\/div>\n  \n    \n<\/div>\n<!-- end Masonry & Justified Gallery -->\t\t\t\t<\/div>\n\t\t\t\t<\/div>\n\t\t\t\t\t<\/div>\n\t\t\t\t<\/div>\n\t\t\t\t<\/div>\n\t\t","protected":false},"excerpt":{"rendered":"<p>@porumavidasemrotina @porumavidasemrotina<\/p>\n","protected":false},"author":1030,"featured_media":0,"parent":1625,"menu_order":0,"comment_status":"closed","ping_status":"closed","template":"","meta":{"_acf_changed":false,"footnotes":""},"class_list":["post-1637","page","type-page","status-publish","hentry"],"acf":[],"yoast_head":"<!-- This site is optimized with the Yoast SEO plugin v27.4 - https:\/\/yoast.com\/product\/yoast-seo-wordpress\/ -->\n<title>@porumavidasemrotina - Coffee Inn Hostel<\/title>\n<meta name=\"description\" content=\"Im Bereich \u201eSpecials\u201c finden Sie aktuelle Informationen zu den zus\u00e4tzlichen Dienstleistungen des Coffee Inn Hostel Berlin.\" \/>\n<meta name=\"robots\" content=\"index, follow, max-snippet:-1, max-image-preview:large, max-video-preview:-1\" \/>\n<link rel=\"canonical\" href=\"https:\/\/coffee-inn-hostel.com\/de\/guest-blog\/porumavidasemrotina\/\" \/>\n<meta property=\"og:locale\" content=\"de_DE\" \/>\n<meta property=\"og:type\" content=\"article\" \/>\n<meta property=\"og:title\" content=\"@porumavidasemrotina - Coffee Inn Hostel\" \/>\n<meta property=\"og:description\" content=\"Im Bereich \u201eSpecials\u201c finden Sie aktuelle Informationen zu den zus\u00e4tzlichen Dienstleistungen des Coffee Inn Hostel Berlin.\" \/>\n<meta property=\"og:url\" content=\"https:\/\/coffee-inn-hostel.com\/de\/guest-blog\/porumavidasemrotina\/\" \/>\n<meta property=\"og:site_name\" content=\"Coffee Inn Hostel\" \/>\n<meta property=\"article:publisher\" content=\"https:\/\/www.facebook.com\/profile.php?viewas=100000686899395&amp;id=61574585442732\" \/>\n<meta property=\"article:modified_time\" content=\"2025-11-21T09:09:19+00:00\" \/>\n<meta property=\"og:image\" content=\"https:\/\/coffee-inn-hostel.com\/wp-content\/uploads\/2025\/11\/Blogger_Brazil-875x1024.jpg\" \/>\n<meta name=\"twitter:card\" content=\"summary_large_image\" \/>\n<meta name=\"twitter:label1\" content=\"Gesch\u00e4tzte Lesezeit\" \/>\n\t<meta name=\"twitter:data1\" content=\"3\u00a0Minuten\" \/>\n<script type=\"application\/ld+json\" class=\"yoast-schema-graph\">{\"@context\":\"https:\\\/\\\/schema.org\",\"@graph\":[{\"@type\":\"NewsArticle\",\"@id\":\"https:\\\/\\\/coffee-inn-hostel.com\\\/de\\\/guest-blog\\\/porumavidasemrotina\\\/#article\",\"isPartOf\":{\"@id\":\"https:\\\/\\\/coffee-inn-hostel.com\\\/de\\\/guest-blog\\\/porumavidasemrotina\\\/\"},\"author\":{\"name\":\"Schneifel_Media\",\"@id\":\"https:\\\/\\\/coffee-inn-hostel.com\\\/de\\\/#\\\/schema\\\/person\\\/4042ed92861f733f11670392c76397f2\"},\"headline\":\"@porumavidasemrotina\",\"datePublished\":\"2025-11-20T15:40:03+00:00\",\"dateModified\":\"2025-11-21T09:09:19+00:00\",\"mainEntityOfPage\":{\"@id\":\"https:\\\/\\\/coffee-inn-hostel.com\\\/de\\\/guest-blog\\\/porumavidasemrotina\\\/\"},\"wordCount\":3,\"publisher\":{\"@id\":\"https:\\\/\\\/coffee-inn-hostel.com\\\/de\\\/#organization\"},\"image\":{\"@id\":\"https:\\\/\\\/coffee-inn-hostel.com\\\/de\\\/guest-blog\\\/porumavidasemrotina\\\/#primaryimage\"},\"thumbnailUrl\":\"https:\\\/\\\/coffee-inn-hostel.com\\\/wp-content\\\/uploads\\\/2025\\\/11\\\/Blogger_Brazil-875x1024.jpg\",\"inLanguage\":\"de\"},{\"@type\":\"WebPage\",\"@id\":\"https:\\\/\\\/coffee-inn-hostel.com\\\/de\\\/guest-blog\\\/porumavidasemrotina\\\/\",\"url\":\"https:\\\/\\\/coffee-inn-hostel.com\\\/de\\\/guest-blog\\\/porumavidasemrotina\\\/\",\"name\":\"@porumavidasemrotina - Coffee Inn Hostel\",\"isPartOf\":{\"@id\":\"https:\\\/\\\/coffee-inn-hostel.com\\\/de\\\/#website\"},\"primaryImageOfPage\":{\"@id\":\"https:\\\/\\\/coffee-inn-hostel.com\\\/de\\\/guest-blog\\\/porumavidasemrotina\\\/#primaryimage\"},\"image\":{\"@id\":\"https:\\\/\\\/coffee-inn-hostel.com\\\/de\\\/guest-blog\\\/porumavidasemrotina\\\/#primaryimage\"},\"thumbnailUrl\":\"https:\\\/\\\/coffee-inn-hostel.com\\\/wp-content\\\/uploads\\\/2025\\\/11\\\/Blogger_Brazil-875x1024.jpg\",\"datePublished\":\"2025-11-20T15:40:03+00:00\",\"dateModified\":\"2025-11-21T09:09:19+00:00\",\"description\":\"Im Bereich \u201eSpecials\u201c finden Sie aktuelle Informationen zu den zus\u00e4tzlichen Dienstleistungen des Coffee Inn Hostel Berlin.\",\"breadcrumb\":{\"@id\":\"https:\\\/\\\/coffee-inn-hostel.com\\\/de\\\/guest-blog\\\/porumavidasemrotina\\\/#breadcrumb\"},\"inLanguage\":\"de\",\"potentialAction\":[{\"@type\":\"ReadAction\",\"target\":[\"https:\\\/\\\/coffee-inn-hostel.com\\\/de\\\/guest-blog\\\/porumavidasemrotina\\\/\"]}]},{\"@type\":\"ImageObject\",\"inLanguage\":\"de\",\"@id\":\"https:\\\/\\\/coffee-inn-hostel.com\\\/de\\\/guest-blog\\\/porumavidasemrotina\\\/#primaryimage\",\"url\":\"https:\\\/\\\/coffee-inn-hostel.com\\\/wp-content\\\/uploads\\\/2025\\\/11\\\/Blogger_Brazil-875x1024.jpg\",\"contentUrl\":\"https:\\\/\\\/coffee-inn-hostel.com\\\/wp-content\\\/uploads\\\/2025\\\/11\\\/Blogger_Brazil-875x1024.jpg\"},{\"@type\":\"BreadcrumbList\",\"@id\":\"https:\\\/\\\/coffee-inn-hostel.com\\\/de\\\/guest-blog\\\/porumavidasemrotina\\\/#breadcrumb\",\"itemListElement\":[{\"@type\":\"ListItem\",\"position\":1,\"name\":\"Home\",\"item\":\"https:\\\/\\\/coffee-inn-hostel.com\\\/de\\\/home-2\\\/\"},{\"@type\":\"ListItem\",\"position\":2,\"name\":\"G\u00e4steblog\",\"item\":\"https:\\\/\\\/coffee-inn-hostel.com\\\/de\\\/guest-blog\\\/\"},{\"@type\":\"ListItem\",\"position\":3,\"name\":\"@porumavidasemrotina\"}]},{\"@type\":\"WebSite\",\"@id\":\"https:\\\/\\\/coffee-inn-hostel.com\\\/de\\\/#website\",\"url\":\"https:\\\/\\\/coffee-inn-hostel.com\\\/de\\\/\",\"name\":\"Coffee Inn Hostel Berlin Sch\u00f6neberg | G\u00fcnstig & Zentral\",\"description\":\"Das Hostel f\u00fcr Deinen Aufenthalt in Berlin \",\"publisher\":{\"@id\":\"https:\\\/\\\/coffee-inn-hostel.com\\\/de\\\/#organization\"},\"alternateName\":\"Welcome to the heart of Berlin-Sch\u00f6neberg\",\"potentialAction\":[{\"@type\":\"SearchAction\",\"target\":{\"@type\":\"EntryPoint\",\"urlTemplate\":\"https:\\\/\\\/coffee-inn-hostel.com\\\/de\\\/?s={search_term_string}\"},\"query-input\":{\"@type\":\"PropertyValueSpecification\",\"valueRequired\":true,\"valueName\":\"search_term_string\"}}],\"inLanguage\":\"de\"},{\"@type\":\"Organization\",\"@id\":\"https:\\\/\\\/coffee-inn-hostel.com\\\/de\\\/#organization\",\"name\":\"Coffee Inn Hostel\",\"url\":\"https:\\\/\\\/coffee-inn-hostel.com\\\/de\\\/\",\"logo\":{\"@type\":\"ImageObject\",\"inLanguage\":\"de\",\"@id\":\"https:\\\/\\\/coffee-inn-hostel.com\\\/de\\\/#\\\/schema\\\/logo\\\/image\\\/\",\"url\":\"https:\\\/\\\/coffee-inn-hostel.com\\\/wp-content\\\/uploads\\\/2025\\\/02\\\/cropped-Logo_Coffee_Inn_Berlin-black.png\",\"contentUrl\":\"https:\\\/\\\/coffee-inn-hostel.com\\\/wp-content\\\/uploads\\\/2025\\\/02\\\/cropped-Logo_Coffee_Inn_Berlin-black.png\",\"width\":356,\"height\":179,\"caption\":\"Coffee Inn Hostel\"},\"image\":{\"@id\":\"https:\\\/\\\/coffee-inn-hostel.com\\\/de\\\/#\\\/schema\\\/logo\\\/image\\\/\"},\"sameAs\":[\"https:\\\/\\\/www.facebook.com\\\/profile.php?viewas=100000686899395&id=61574585442732\",\"https:\\\/\\\/www.instagram.com\\\/coffeeinn.hostel?igsh=Z3J1ZXYybWl5dHQz\"]},{\"@type\":\"Person\",\"@id\":\"https:\\\/\\\/coffee-inn-hostel.com\\\/de\\\/#\\\/schema\\\/person\\\/4042ed92861f733f11670392c76397f2\",\"name\":\"Schneifel_Media\",\"url\":\"https:\\\/\\\/coffee-inn-hostel.com\\\/de\\\/author\\\/schneifel_media\\\/\"}]}<\/script>\n<!-- \/ Yoast SEO plugin. -->","yoast_head_json":{"title":"@porumavidasemrotina - Coffee Inn Hostel","description":"Im Bereich \u201eSpecials\u201c finden Sie aktuelle Informationen zu den zus\u00e4tzlichen Dienstleistungen des Coffee Inn Hostel Berlin.","robots":{"index":"index","follow":"follow","max-snippet":"max-snippet:-1","max-image-preview":"max-image-preview:large","max-video-preview":"max-video-preview:-1"},"canonical":"https:\/\/coffee-inn-hostel.com\/de\/guest-blog\/porumavidasemrotina\/","og_locale":"de_DE","og_type":"article","og_title":"@porumavidasemrotina - Coffee Inn Hostel","og_description":"Im Bereich \u201eSpecials\u201c finden Sie aktuelle Informationen zu den zus\u00e4tzlichen Dienstleistungen des Coffee Inn Hostel Berlin.","og_url":"https:\/\/coffee-inn-hostel.com\/de\/guest-blog\/porumavidasemrotina\/","og_site_name":"Coffee Inn Hostel","article_publisher":"https:\/\/www.facebook.com\/profile.php?viewas=100000686899395&id=61574585442732","article_modified_time":"2025-11-21T09:09:19+00:00","og_image":[{"url":"https:\/\/coffee-inn-hostel.com\/wp-content\/uploads\/2025\/11\/Blogger_Brazil-875x1024.jpg","type":"","width":"","height":""}],"twitter_card":"summary_large_image","twitter_misc":{"Gesch\u00e4tzte Lesezeit":"3\u00a0Minuten"},"schema":{"@context":"https:\/\/schema.org","@graph":[{"@type":"NewsArticle","@id":"https:\/\/coffee-inn-hostel.com\/de\/guest-blog\/porumavidasemrotina\/#article","isPartOf":{"@id":"https:\/\/coffee-inn-hostel.com\/de\/guest-blog\/porumavidasemrotina\/"},"author":{"name":"Schneifel_Media","@id":"https:\/\/coffee-inn-hostel.com\/de\/#\/schema\/person\/4042ed92861f733f11670392c76397f2"},"headline":"@porumavidasemrotina","datePublished":"2025-11-20T15:40:03+00:00","dateModified":"2025-11-21T09:09:19+00:00","mainEntityOfPage":{"@id":"https:\/\/coffee-inn-hostel.com\/de\/guest-blog\/porumavidasemrotina\/"},"wordCount":3,"publisher":{"@id":"https:\/\/coffee-inn-hostel.com\/de\/#organization"},"image":{"@id":"https:\/\/coffee-inn-hostel.com\/de\/guest-blog\/porumavidasemrotina\/#primaryimage"},"thumbnailUrl":"https:\/\/coffee-inn-hostel.com\/wp-content\/uploads\/2025\/11\/Blogger_Brazil-875x1024.jpg","inLanguage":"de"},{"@type":"WebPage","@id":"https:\/\/coffee-inn-hostel.com\/de\/guest-blog\/porumavidasemrotina\/","url":"https:\/\/coffee-inn-hostel.com\/de\/guest-blog\/porumavidasemrotina\/","name":"@porumavidasemrotina - Coffee Inn Hostel","isPartOf":{"@id":"https:\/\/coffee-inn-hostel.com\/de\/#website"},"primaryImageOfPage":{"@id":"https:\/\/coffee-inn-hostel.com\/de\/guest-blog\/porumavidasemrotina\/#primaryimage"},"image":{"@id":"https:\/\/coffee-inn-hostel.com\/de\/guest-blog\/porumavidasemrotina\/#primaryimage"},"thumbnailUrl":"https:\/\/coffee-inn-hostel.com\/wp-content\/uploads\/2025\/11\/Blogger_Brazil-875x1024.jpg","datePublished":"2025-11-20T15:40:03+00:00","dateModified":"2025-11-21T09:09:19+00:00","description":"Im Bereich \u201eSpecials\u201c finden Sie aktuelle Informationen zu den zus\u00e4tzlichen Dienstleistungen des Coffee Inn Hostel Berlin.","breadcrumb":{"@id":"https:\/\/coffee-inn-hostel.com\/de\/guest-blog\/porumavidasemrotina\/#breadcrumb"},"inLanguage":"de","potentialAction":[{"@type":"ReadAction","target":["https:\/\/coffee-inn-hostel.com\/de\/guest-blog\/porumavidasemrotina\/"]}]},{"@type":"ImageObject","inLanguage":"de","@id":"https:\/\/coffee-inn-hostel.com\/de\/guest-blog\/porumavidasemrotina\/#primaryimage","url":"https:\/\/coffee-inn-hostel.com\/wp-content\/uploads\/2025\/11\/Blogger_Brazil-875x1024.jpg","contentUrl":"https:\/\/coffee-inn-hostel.com\/wp-content\/uploads\/2025\/11\/Blogger_Brazil-875x1024.jpg"},{"@type":"BreadcrumbList","@id":"https:\/\/coffee-inn-hostel.com\/de\/guest-blog\/porumavidasemrotina\/#breadcrumb","itemListElement":[{"@type":"ListItem","position":1,"name":"Home","item":"https:\/\/coffee-inn-hostel.com\/de\/home-2\/"},{"@type":"ListItem","position":2,"name":"G\u00e4steblog","item":"https:\/\/coffee-inn-hostel.com\/de\/guest-blog\/"},{"@type":"ListItem","position":3,"name":"@porumavidasemrotina"}]},{"@type":"WebSite","@id":"https:\/\/coffee-inn-hostel.com\/de\/#website","url":"https:\/\/coffee-inn-hostel.com\/de\/","name":"Coffee Inn Hostel Berlin Sch\u00f6neberg | G\u00fcnstig & Zentral","description":"Das Hostel f\u00fcr Deinen Aufenthalt in Berlin ","publisher":{"@id":"https:\/\/coffee-inn-hostel.com\/de\/#organization"},"alternateName":"Welcome to the heart of Berlin-Sch\u00f6neberg","potentialAction":[{"@type":"SearchAction","target":{"@type":"EntryPoint","urlTemplate":"https:\/\/coffee-inn-hostel.com\/de\/?s={search_term_string}"},"query-input":{"@type":"PropertyValueSpecification","valueRequired":true,"valueName":"search_term_string"}}],"inLanguage":"de"},{"@type":"Organization","@id":"https:\/\/coffee-inn-hostel.com\/de\/#organization","name":"Coffee Inn Hostel","url":"https:\/\/coffee-inn-hostel.com\/de\/","logo":{"@type":"ImageObject","inLanguage":"de","@id":"https:\/\/coffee-inn-hostel.com\/de\/#\/schema\/logo\/image\/","url":"https:\/\/coffee-inn-hostel.com\/wp-content\/uploads\/2025\/02\/cropped-Logo_Coffee_Inn_Berlin-black.png","contentUrl":"https:\/\/coffee-inn-hostel.com\/wp-content\/uploads\/2025\/02\/cropped-Logo_Coffee_Inn_Berlin-black.png","width":356,"height":179,"caption":"Coffee Inn Hostel"},"image":{"@id":"https:\/\/coffee-inn-hostel.com\/de\/#\/schema\/logo\/image\/"},"sameAs":["https:\/\/www.facebook.com\/profile.php?viewas=100000686899395&id=61574585442732","https:\/\/www.instagram.com\/coffeeinn.hostel?igsh=Z3J1ZXYybWl5dHQz"]},{"@type":"Person","@id":"https:\/\/coffee-inn-hostel.com\/de\/#\/schema\/person\/4042ed92861f733f11670392c76397f2","name":"Schneifel_Media","url":"https:\/\/coffee-inn-hostel.com\/de\/author\/schneifel_media\/"}]}},"_links":{"self":[{"href":"https:\/\/coffee-inn-hostel.com\/de\/wp-json\/wp\/v2\/pages\/1637","targetHints":{"allow":["GET"]}}],"collection":[{"href":"https:\/\/coffee-inn-hostel.com\/de\/wp-json\/wp\/v2\/pages"}],"about":[{"href":"https:\/\/coffee-inn-hostel.com\/de\/wp-json\/wp\/v2\/types\/page"}],"author":[{"embeddable":true,"href":"https:\/\/coffee-inn-hostel.com\/de\/wp-json\/wp\/v2\/users\/1030"}],"replies":[{"embeddable":true,"href":"https:\/\/coffee-inn-hostel.com\/de\/wp-json\/wp\/v2\/comments?post=1637"}],"version-history":[{"count":4,"href":"https:\/\/coffee-inn-hostel.com\/de\/wp-json\/wp\/v2\/pages\/1637\/revisions"}],"predecessor-version":[{"id":1748,"href":"https:\/\/coffee-inn-hostel.com\/de\/wp-json\/wp\/v2\/pages\/1637\/revisions\/1748"}],"up":[{"embeddable":true,"href":"https:\/\/coffee-inn-hostel.com\/de\/wp-json\/wp\/v2\/pages\/1625"}],"wp:attachment":[{"href":"https:\/\/coffee-inn-hostel.com\/de\/wp-json\/wp\/v2\/media?parent=1637"}],"curies":[{"name":"wp","href":"https:\/\/api.w.org\/{rel}","templated":true}]}}